{"id":1355,"date":"2024-05-05T18:50:23","date_gmt":"2024-05-05T18:50:23","guid":{"rendered":"https:\/\/mdphpwelt.com\/home\/"},"modified":"2025-01-11T07:24:50","modified_gmt":"2025-01-11T07:24:50","slug":"mdphp-kaufen","status":"publish","type":"page","link":"https:\/\/mdphpwelt.com\/en\/","title":{"rendered":"Home"},"content":{"rendered":"<div data-elementor-type=\"wp-page\" data-elementor-id=\"1355\" class=\"elementor elementor-1355\" data-elementor-post-type=\"page\">\n\t\t\t\t<div class=\"elementor-element elementor-element-85ccf3a e-flex e-con-boxed e-con e-parent\" data-id=\"85ccf3a\" data-element_type=\"container\" data-e-type=\"container\" data-settings=\"{&quot;background_background&quot;:&quot;classic&quot;}\">\n\t\t\t\t\t<div class=\"e-con-inner\">\n\t\t<div class=\"elementor-element elementor-element-8457a39 e-con-full e-flex e-con e-child\" data-id=\"8457a39\" data-element_type=\"container\" data-e-type=\"container\">\n\t\t\t\t<div class=\"elementor-element elementor-element-3201b6c elementor-widget elementor-widget-heading\" data-id=\"3201b6c\" data-element_type=\"widget\" data-e-type=\"widget\" data-widget_type=\"heading.default\">\n\t\t\t\t<div class=\"elementor-widget-container\">\n\t\t\t\t\t<h1 class=\"elementor-heading-title elementor-size-default\">Buy MDPHP<\/h1>\t\t\t\t<\/div>\n\t\t\t\t<\/div>\n\t\t\t\t<div class=\"elementor-element elementor-element-e4c4fea elementor-widget elementor-widget-text-editor\" data-id=\"e4c4fea\" data-element_type=\"widget\" data-e-type=\"widget\" data-widget_type=\"text-editor.default\">\n\t\t\t\t<div class=\"elementor-widget-container\">\n\t\t\t\t\t\t\t\t\t<p>Buy MDPHP online. Welcome to the world of MDPHP, mdphp order a fascinating research chemical with a wide range of potential applications in the fields of pharmacology and neuroscience. In this guide, we take a closer look at the properties, effects and research potential of MDPHP freebase or monkey<\/p>\t\t\t\t\t\t\t\t<\/div>\n\t\t\t\t<\/div>\n\t\t\t\t<\/div>\n\t\t<div class=\"elementor-element elementor-element-8f30890 e-con-full e-flex e-con e-child\" data-id=\"8f30890\" data-element_type=\"container\" data-e-type=\"container\">\n\t\t\t\t<div class=\"elementor-element elementor-element-ea8c591 elementor-widget elementor-widget-image\" data-id=\"ea8c591\" data-element_type=\"widget\" data-e-type=\"widget\" data-widget_type=\"image.default\">\n\t\t\t\t<div class=\"elementor-widget-container\">\n\t\t\t\t\t\t\t\t\t\t\t\t\t\t\t<img fetchpriority=\"high\" decoding=\"async\" width=\"300\" height=\"245\" src=\"https:\/\/mdphpwelt.com\/wp-content\/uploads\/2024\/05\/MDPHP-crystals-1.jpg\" class=\"attachment-large size-large wp-image-1704\" alt=\"mdphp kaufen\" \/>\t\t\t\t\t\t\t\t\t\t\t\t\t\t\t<\/div>\n\t\t\t\t<\/div>\n\t\t\t\t<div class=\"elementor-element elementor-element-b461539 elementor-align-center elementor-widget elementor-widget-button\" data-id=\"b461539\" data-element_type=\"widget\" data-e-type=\"widget\" data-widget_type=\"button.default\">\n\t\t\t\t<div class=\"elementor-widget-container\">\n\t\t\t\t\t\t\t\t\t<div class=\"elementor-button-wrapper\">\n\t\t\t\t\t<a class=\"elementor-button elementor-button-link elementor-size-sm\" href=\"https:\/\/mdphpwelt.com\/en\/shop\/\">\n\t\t\t\t\t\t<span class=\"elementor-button-content-wrapper\">\n\t\t\t\t\t\t\t\t\t<span class=\"elementor-button-text\">click here<\/span>\n\t\t\t\t\t<\/span>\n\t\t\t\t\t<\/a>\n\t\t\t\t<\/div>\n\t\t\t\t\t\t\t\t<\/div>\n\t\t\t\t<\/div>\n\t\t\t\t<\/div>\n\t\t\t\t\t<\/div>\n\t\t\t\t<\/div>\n\t\t<div class=\"elementor-element elementor-element-4a08160 e-flex e-con-boxed e-con e-parent\" data-id=\"4a08160\" data-element_type=\"container\" data-e-type=\"container\" data-settings=\"{&quot;background_background&quot;:&quot;classic&quot;}\">\n\t\t\t\t\t<div class=\"e-con-inner\">\n\t\t<div class=\"elementor-element elementor-element-d7770d5 e-con-full e-flex e-con e-child\" data-id=\"d7770d5\" data-element_type=\"container\" data-e-type=\"container\">\n\t\t\t\t<div class=\"elementor-element elementor-element-1eafff0 elementor-widget elementor-widget-heading\" data-id=\"1eafff0\" data-element_type=\"widget\" data-e-type=\"widget\" data-widget_type=\"heading.default\">\n\t\t\t\t<div class=\"elementor-widget-container\">\n\t\t\t\t\t<h3 class=\"elementor-heading-title elementor-size-default\">MDPHP Buy Online<\/h3>\t\t\t\t<\/div>\n\t\t\t\t<\/div>\n\t\t\t\t<div class=\"elementor-element elementor-element-0fd0478 elementor-widget elementor-widget-text-editor\" data-id=\"0fd0478\" data-element_type=\"widget\" data-e-type=\"widget\" data-widget_type=\"text-editor.default\">\n\t\t\t\t<div class=\"elementor-widget-container\">\n\t\t\t\t\t\t\t\t\t<p>MDPHP buy online, also known as 3\u2032,4\u2032-methylenedioxy-\u03b1-pyrrolidinohexiophenone, is a synthetic stimulant that is also known by various street names or slang terms. Some of these alternative names may include:<\/p>\t\t\t\t\t\t\t\t<\/div>\n\t\t\t\t<\/div>\n\t\t\t\t<div class=\"elementor-element elementor-element-77ea4ec elementor-widget-divider--view-line elementor-widget elementor-widget-divider\" data-id=\"77ea4ec\" data-element_type=\"widget\" data-e-type=\"widget\" data-widget_type=\"divider.default\">\n\t\t\t\t<div class=\"elementor-widget-container\">\n\t\t\t\t\t\t\t<div class=\"elementor-divider\">\n\t\t\t<span class=\"elementor-divider-separator\">\n\t\t\t\t\t\t<\/span>\n\t\t<\/div>\n\t\t\t\t\t\t<\/div>\n\t\t\t\t<\/div>\n\t\t<div class=\"elementor-element elementor-element-edea832 e-flex e-con-boxed e-con e-child\" data-id=\"edea832\" data-element_type=\"container\" data-e-type=\"container\">\n\t\t\t\t\t<div class=\"e-con-inner\">\n\t\t<div class=\"elementor-element elementor-element-380f6f4 e-con-full e-flex e-con e-child\" data-id=\"380f6f4\" data-element_type=\"container\" data-e-type=\"container\">\n\t\t\t\t<div class=\"elementor-element elementor-element-fe35165 elementor-widget elementor-widget-heading\" data-id=\"fe35165\" data-element_type=\"widget\" data-e-type=\"widget\" data-widget_type=\"heading.default\">\n\t\t\t\t<div class=\"elementor-widget-container\">\n\t\t\t\t\t<h5 class=\"elementor-heading-title elementor-size-default\">MDPHP Order Online <\/h5>\t\t\t\t<\/div>\n\t\t\t\t<\/div>\n\t\t\t\t<div class=\"elementor-element elementor-element-24baefd elementor-widget elementor-widget-text-editor\" data-id=\"24baefd\" data-element_type=\"widget\" data-e-type=\"widget\" data-widget_type=\"text-editor.default\">\n\t\t\t\t<div class=\"elementor-widget-container\">\n\t\t\t\t\t\t\t\t\t<p>Buy Monkey Dust<\/p><p><b>Chemical structure:<\/b> Delve into the intricate molecular structure of MDPHP and explore its unique properties that make it a topic of worldwide interest for researchers.<br \/><strong>Pharmacokinetics<\/strong>: Find out how <a href=\"https:\/\/chemsxpress.com\/\">MDPHP<\/a> is metabolised in the body, what its half-life is and what interactions it may have with other substances or medications.<br \/><strong>Mechanism of action<\/strong>Learn how MDPHP exerts its effect on neurotransmitter systems such as dopamine, serotonin and noradrenaline.<\/p>\t\t\t\t\t\t\t\t<\/div>\n\t\t\t\t<\/div>\n\t\t\t\t<div class=\"elementor-element elementor-element-9533255 elementor-align-center elementor-widget elementor-widget-button\" data-id=\"9533255\" data-element_type=\"widget\" data-e-type=\"widget\" data-widget_type=\"button.default\">\n\t\t\t\t<div class=\"elementor-widget-container\">\n\t\t\t\t\t\t\t\t\t<div class=\"elementor-button-wrapper\">\n\t\t\t\t\t<a class=\"elementor-button elementor-button-link elementor-size-sm\" href=\"https:\/\/mdphpwelt.com\/en\/shop\/\">\n\t\t\t\t\t\t<span class=\"elementor-button-content-wrapper\">\n\t\t\t\t\t\t\t\t\t<span class=\"elementor-button-text\">click here<\/span>\n\t\t\t\t\t<\/span>\n\t\t\t\t\t<\/a>\n\t\t\t\t<\/div>\n\t\t\t\t\t\t\t\t<\/div>\n\t\t\t\t<\/div>\n\t\t\t\t<\/div>\n\t\t<div class=\"elementor-element elementor-element-37998f7 e-con-full e-flex e-con e-child\" data-id=\"37998f7\" data-element_type=\"container\" data-e-type=\"container\">\n\t\t\t\t<div class=\"elementor-element elementor-element-17d9ed6 elementor-widget elementor-widget-text-editor\" data-id=\"17d9ed6\" data-element_type=\"widget\" data-e-type=\"widget\" data-widget_type=\"text-editor.default\">\n\t\t\t\t<div class=\"elementor-widget-container\">\n\t\t\t\t\t\t\t\t\t<h5><strong>Order Monkey Dust<\/strong><\/h5>\t\t\t\t\t\t\t\t<\/div>\n\t\t\t\t<\/div>\n\t\t\t\t<div class=\"elementor-element elementor-element-ed0b019 elementor-widget elementor-widget-text-editor\" data-id=\"ed0b019\" data-element_type=\"widget\" data-e-type=\"widget\" data-widget_type=\"text-editor.default\">\n\t\t\t\t<div class=\"elementor-widget-container\">\n\t\t\t\t\t\t\t\t\t<p><strong>First-class quality:<\/strong> We endeavour to provide researchers with the highest quality MDPHP and research chemicals. Our products are sourced from reputable suppliers and undergo thorough testing buy mdphp to ensure purity and efficacy.<br \/><strong>Fast despatch:<\/strong> We know how important timely delivery is for research projects. Mdphp buy online That's why we offer fast and reliable shipping options to ensure your order arrives quickly and safely.<br \/><br \/><\/p>\t\t\t\t\t\t\t\t<\/div>\n\t\t\t\t<\/div>\n\t\t\t\t<\/div>\n\t\t<div class=\"elementor-element elementor-element-a0dcfcb e-con-full e-flex e-con e-child\" data-id=\"a0dcfcb\" data-element_type=\"container\" data-e-type=\"container\" data-settings=\"{&quot;background_background&quot;:&quot;classic&quot;}\">\n\t\t\t\t<div class=\"elementor-element elementor-element-86cf219 elementor-widget elementor-widget-image\" data-id=\"86cf219\" data-element_type=\"widget\" data-e-type=\"widget\" data-widget_type=\"image.default\">\n\t\t\t\t<div class=\"elementor-widget-container\">\n\t\t\t\t\t\t\t\t\t\t\t\t\t\t\t<img decoding=\"async\" width=\"600\" height=\"336\" src=\"https:\/\/mdphpwelt.com\/wp-content\/uploads\/2024\/05\/coffee2-600x336-1.webp\" class=\"attachment-full size-full wp-image-1713\" alt=\"Mdphp kaufen\" srcset=\"https:\/\/mdphpwelt.com\/wp-content\/uploads\/2024\/05\/coffee2-600x336-1.webp 600w, https:\/\/mdphpwelt.com\/wp-content\/uploads\/2024\/05\/coffee2-600x336-1-300x168.webp 300w\" sizes=\"(max-width: 600px) 100vw, 600px\" \/>\t\t\t\t\t\t\t\t\t\t\t\t\t\t\t<\/div>\n\t\t\t\t<\/div>\n\t\t\t\t<\/div>\n\t\t\t\t\t<\/div>\n\t\t\t\t<\/div>\n\t\t\t\t<\/div>\n\t\t\t\t\t<\/div>\n\t\t\t\t<\/div>\n\t\t<div class=\"elementor-element elementor-element-2435e0e e-flex e-con-boxed e-con e-parent\" data-id=\"2435e0e\" data-element_type=\"container\" data-e-type=\"container\" data-settings=\"{&quot;background_background&quot;:&quot;classic&quot;}\">\n\t\t\t\t\t<div class=\"e-con-inner\">\n\t\t<div class=\"elementor-element elementor-element-aa4f7a5 e-con-full e-flex e-con e-child\" data-id=\"aa4f7a5\" data-element_type=\"container\" data-e-type=\"container\">\n\t\t\t\t<div class=\"elementor-element elementor-element-77b69df elementor-widget elementor-widget-heading\" data-id=\"77b69df\" data-element_type=\"widget\" data-e-type=\"widget\" data-widget_type=\"heading.default\">\n\t\t\t\t<div class=\"elementor-widget-container\">\n\t\t\t\t\t<h3 class=\"elementor-heading-title elementor-size-default\">Order Mdphp<\/h3>\t\t\t\t<\/div>\n\t\t\t\t<\/div>\n\t\t\t\t<div class=\"elementor-element elementor-element-1d85398 elementor-widget elementor-widget-text-editor\" data-id=\"1d85398\" data-element_type=\"widget\" data-e-type=\"widget\" data-widget_type=\"text-editor.default\">\n\t\t\t\t<div class=\"elementor-widget-container\">\n\t\t\t\t\t\t\t\t\t<p>Are you ready to utilise the potential of MDPHP for your research? Browse through our catalogue and place your order with confidence. With ChemsXpress as your trusted partner, you can conduct your scientific research with confidence and precision.<\/p><p>Thank you for choosing mdphpwelt for your research chemicals needs. We look forward to serving you!<\/p>\t\t\t\t\t\t\t\t<\/div>\n\t\t\t\t<\/div>\n\t\t\t\t<div class=\"elementor-element elementor-element-b238ddb elementor-widget-divider--view-line elementor-widget elementor-widget-divider\" data-id=\"b238ddb\" data-element_type=\"widget\" data-e-type=\"widget\" data-widget_type=\"divider.default\">\n\t\t\t\t<div class=\"elementor-widget-container\">\n\t\t\t\t\t\t\t<div class=\"elementor-divider\">\n\t\t\t<span class=\"elementor-divider-separator\">\n\t\t\t\t\t\t<\/span>\n\t\t<\/div>\n\t\t\t\t\t\t<\/div>\n\t\t\t\t<\/div>\n\t\t\t\t<\/div>\n\t\t\t\t\t<\/div>\n\t\t\t\t<\/div>\n\t\t<div class=\"elementor-element elementor-element-ad6a727 e-flex e-con-boxed e-con e-parent\" data-id=\"ad6a727\" data-element_type=\"container\" data-e-type=\"container\">\n\t\t\t\t\t<div class=\"e-con-inner\">\n\t\t<div class=\"elementor-element elementor-element-73f485f e-con-full e-flex e-con e-child\" data-id=\"73f485f\" data-element_type=\"container\" data-e-type=\"container\">\n\t\t\t\t<div class=\"elementor-element elementor-element-b32e9ad elementor-widget elementor-widget-heading\" data-id=\"b32e9ad\" data-element_type=\"widget\" data-e-type=\"widget\" data-widget_type=\"heading.default\">\n\t\t\t\t<div class=\"elementor-widget-container\">\n\t\t\t\t\t<h2 class=\"elementor-heading-title elementor-size-default\">MDPHP freebase online<\/h2>\t\t\t\t<\/div>\n\t\t\t\t<\/div>\n\t\t\t\t<\/div>\n\t\t<div class=\"elementor-element elementor-element-ef1d7a6 e-con-full e-flex e-con e-child\" data-id=\"ef1d7a6\" data-element_type=\"container\" data-e-type=\"container\">\n\t\t\t\t<div class=\"elementor-element elementor-element-6ecef83 elementor-widget elementor-widget-heading\" data-id=\"6ecef83\" data-element_type=\"widget\" data-e-type=\"widget\" data-widget_type=\"heading.default\">\n\t\t\t\t<div class=\"elementor-widget-container\">\n\t\t\t\t\t<h2 class=\"elementor-heading-title elementor-size-default\">Would you like to buy MDPHP FREEBASE?<\/h2>\t\t\t\t<\/div>\n\t\t\t\t<\/div>\n\t\t\t\t<\/div>\n\t\t\t\t\t<\/div>\n\t\t\t\t<\/div>\n\t\t<div class=\"elementor-element elementor-element-136b5b0 e-flex e-con-boxed e-con e-parent\" data-id=\"136b5b0\" data-element_type=\"container\" data-e-type=\"container\">\n\t\t\t\t\t<div class=\"e-con-inner\">\n\t\t<div class=\"elementor-element elementor-element-35e8f9c e-con-full e-flex e-con e-child\" data-id=\"35e8f9c\" data-element_type=\"container\" data-e-type=\"container\">\n\t\t\t\t<div class=\"elementor-element elementor-element-a72b6e4 elementor-widget elementor-widget-text-editor\" data-id=\"a72b6e4\" data-element_type=\"widget\" data-e-type=\"widget\" data-widget_type=\"text-editor.default\">\n\t\t\t\t<div class=\"elementor-widget-container\">\n\t\t\t\t\t\t\t\t\t<p>Buy mdphp freebase online at mdphpwelt. We are dedicated to providing researchers with access to high quality research chemicals for their scientific investigations. Our mission is to support advances in various areas of study by offering reliable and innovative compounds, including mdphp.<\/p>\t\t\t\t\t\t\t\t<\/div>\n\t\t\t\t<\/div>\n\t\t\t\t<\/div>\n\t\t<div class=\"elementor-element elementor-element-597010f e-con-full e-flex e-con e-child\" data-id=\"597010f\" data-element_type=\"container\" data-e-type=\"container\">\n\t\t\t\t<div class=\"elementor-element elementor-element-1360e94 elementor-widget elementor-widget-text-editor\" data-id=\"1360e94\" data-element_type=\"widget\" data-e-type=\"widget\" data-widget_type=\"text-editor.default\">\n\t\t\t\t<div class=\"elementor-widget-container\">\n\t\t\t\t\t\t\t\t\t<p>With <a href=\"https:\/\/mdphpwelt.com\/en\/\">mdphpworld<\/a> we prioritise quality and reliability in everything we do. Our MDPHP and other research chemicals undergo rigorous testing and quality control measures to ensure purity, potency and consistency. We work with trusted suppliers and adhere to strict standards to deliver products that meet the highest scientific standards.<\/p>\t\t\t\t\t\t\t\t<\/div>\n\t\t\t\t<\/div>\n\t\t\t\t<div class=\"elementor-element elementor-element-9c4d848 elementor-align-center elementor-widget elementor-widget-button\" data-id=\"9c4d848\" data-element_type=\"widget\" data-e-type=\"widget\" data-widget_type=\"button.default\">\n\t\t\t\t<div class=\"elementor-widget-container\">\n\t\t\t\t\t\t\t\t\t<div class=\"elementor-button-wrapper\">\n\t\t\t\t\t<a class=\"elementor-button elementor-button-link elementor-size-sm\" href=\"https:\/\/mdphpwelt.com\/en\/shop\/\">\n\t\t\t\t\t\t<span class=\"elementor-button-content-wrapper\">\n\t\t\t\t\t\t\t\t\t<span class=\"elementor-button-text\">click here<\/span>\n\t\t\t\t\t<\/span>\n\t\t\t\t\t<\/a>\n\t\t\t\t<\/div>\n\t\t\t\t\t\t\t\t<\/div>\n\t\t\t\t<\/div>\n\t\t\t\t<\/div>\n\t\t\t\t\t<\/div>\n\t\t\t\t<\/div>\n\t\t\t\t<\/div>","protected":false},"excerpt":{"rendered":"<p>Buy MDPHP Buy MDPHP Online. Welcome to the world of MDPHP, a fascinating research chemical with a wide range of potential applications in the fields of pharmacology and neuroscience. In this guide, we take a closer look at the properties, effects and research potential of MDPHP. click here to buy MDPHP online Buy MDPHP online, also known as 3\u2032,4\u2032-methylenedioxy-\u03b1-pyrrolidinohexiophenone, is a [...]<\/p>","protected":false},"author":1,"featured_media":0,"parent":0,"menu_order":0,"comment_status":"closed","ping_status":"closed","template":"","meta":{"site-sidebar-layout":"no-sidebar","site-content-layout":"page-builder","ast-site-content-layout":"full-width-container","site-content-style":"unboxed","site-sidebar-style":"unboxed","ast-global-header-display":"","ast-banner-title-visibility":"","ast-main-header-display":"","ast-hfb-above-header-display":"","ast-hfb-below-header-display":"","ast-hfb-mobile-header-display":"","site-post-title":"disabled","ast-breadcrumbs-content":"disabled","ast-featured-img":"disabled","footer-sml-layout":"","theme-transparent-header-meta":"enabled","adv-header-id-meta":"","stick-header-meta":"","header-above-stick-meta":"","header-main-stick-meta":"","header-below-stick-meta":"","astra-migrate-meta-layouts":"set","ast-page-background-enabled":"default","ast-page-background-meta":{"desktop":{"background-color":"","background-image":"","background-repeat":"repeat","background-position":"center center","background-size":"auto","background-attachment":"scroll","background-type":"","background-media":"","overlay-type":"","overlay-color":"","overlay-opacity":"","overlay-gradient":""},"tablet":{"background-color":"","background-image":"","background-repeat":"repeat","background-position":"center center","background-size":"auto","background-attachment":"scroll","background-type":"","background-media":"","overlay-type":"","overlay-color":"","overlay-opacity":"","overlay-gradient":""},"mobile":{"background-color":"","background-image":"","background-repeat":"repeat","background-position":"center center","background-size":"auto","background-attachment":"scroll","background-type":"","background-media":"","overlay-type":"","overlay-color":"","overlay-opacity":"","overlay-gradient":""}},"ast-content-background-meta":{"desktop":{"background-color":"var(--ast-global-color-5)","background-image":"","background-repeat":"repeat","background-position":"center center","background-size":"auto","background-attachment":"scroll","background-type":"","background-media":"","overlay-type":"","overlay-color":"","overlay-opacity":"","overlay-gradient":""},"tablet":{"background-color":"var(--ast-global-color-5)","background-image":"","background-repeat":"repeat","background-position":"center center","background-size":"auto","background-attachment":"scroll","background-type":"","background-media":"","overlay-type":"","overlay-color":"","overlay-opacity":"","overlay-gradient":""},"mobile":{"background-color":"var(--ast-global-color-5)","background-image":"","background-repeat":"repeat","background-position":"center center","background-size":"auto","background-attachment":"scroll","background-type":"","background-media":"","overlay-type":"","overlay-color":"","overlay-opacity":"","overlay-gradient":""}},"footnotes":""},"class_list":["post-1355","page","type-page","status-publish","hentry"],"yoast_head":"<!-- This site is optimized with the Yoast SEO Premium plugin v24.1 (Yoast SEO v25.9) - https:\/\/yoast.com\/wordpress\/plugins\/seo\/ -->\n<title>mdphp kaufen Online: PDPHP in Premium-Qualit\u00e4t bei Mdphpwelt<\/title>\n<meta name=\"description\" content=\"monkey dust\/mdphp kaufen bei mdphpwelt. Premium-Qualit\u00e4t MDPHP bestellen,. Vertrauen Sie unserer Qualit\u00e4tssicherung f\u00fcr Ihren gesamten.\" \/>\n<meta name=\"robots\" content=\"index, follow, max-snippet:-1, max-image-preview:large, max-video-preview:-1\" \/>\n<link rel=\"canonical\" href=\"https:\/\/mdphpwelt.com\/en\/\" \/>\n<meta property=\"og:locale\" content=\"en_GB\" \/>\n<meta property=\"og:type\" content=\"article\" \/>\n<meta property=\"og:title\" content=\"Home\" \/>\n<meta property=\"og:description\" content=\"monkey dust\/mdphp kaufen bei mdphpwelt. Premium-Qualit\u00e4t MDPHP bestellen,. Vertrauen Sie unserer Qualit\u00e4tssicherung f\u00fcr Ihren gesamten.\" \/>\n<meta property=\"og:url\" content=\"https:\/\/mdphpwelt.com\/en\/\" \/>\n<meta property=\"og:site_name\" content=\"MDPHP Welt\" \/>\n<meta property=\"article:modified_time\" content=\"2025-01-11T07:24:50+00:00\" \/>\n<meta property=\"og:image\" content=\"https:\/\/mdphpwelt.com\/wp-content\/uploads\/2024\/05\/MDPHP-crystals-1.jpg\" \/>\n\t<meta property=\"og:image:width\" content=\"300\" \/>\n\t<meta property=\"og:image:height\" content=\"245\" \/>\n\t<meta property=\"og:image:type\" content=\"image\/jpeg\" \/>\n<meta name=\"twitter:card\" content=\"summary_large_image\" \/>\n<meta name=\"twitter:label1\" content=\"Estimated reading time\" \/>\n\t<meta name=\"twitter:data1\" content=\"3 minutes\" \/>\n<script type=\"application\/ld+json\" class=\"yoast-schema-graph\">{\"@context\":\"https:\/\/schema.org\",\"@graph\":[{\"@type\":\"WebPage\",\"@id\":\"https:\/\/mdphpwelt.com\/\",\"url\":\"https:\/\/mdphpwelt.com\/\",\"name\":\"mdphp kaufen Online: PDPHP in Premium-Qualit\u00e4t bei Mdphpwelt\",\"isPartOf\":{\"@id\":\"https:\/\/mdphpwelt.com\/#website\"},\"primaryImageOfPage\":{\"@id\":\"https:\/\/mdphpwelt.com\/#primaryimage\"},\"image\":{\"@id\":\"https:\/\/mdphpwelt.com\/#primaryimage\"},\"thumbnailUrl\":\"https:\/\/mdphpwelt.com\/wp-content\/uploads\/2024\/05\/MDPHP-crystals-1.jpg\",\"datePublished\":\"2024-05-05T18:50:23+00:00\",\"dateModified\":\"2025-01-11T07:24:50+00:00\",\"description\":\"monkey dust\/mdphp kaufen bei mdphpwelt. Premium-Qualit\u00e4t MDPHP bestellen,. Vertrauen Sie unserer Qualit\u00e4tssicherung f\u00fcr Ihren gesamten.\",\"breadcrumb\":{\"@id\":\"https:\/\/mdphpwelt.com\/#breadcrumb\"},\"inLanguage\":\"en-GB\",\"potentialAction\":[{\"@type\":\"ReadAction\",\"target\":[\"https:\/\/mdphpwelt.com\/\"]}]},{\"@type\":\"ImageObject\",\"inLanguage\":\"en-GB\",\"@id\":\"https:\/\/mdphpwelt.com\/#primaryimage\",\"url\":\"https:\/\/mdphpwelt.com\/wp-content\/uploads\/2024\/05\/MDPHP-crystals-1.jpg\",\"contentUrl\":\"https:\/\/mdphpwelt.com\/wp-content\/uploads\/2024\/05\/MDPHP-crystals-1.jpg\"},{\"@type\":\"BreadcrumbList\",\"@id\":\"https:\/\/mdphpwelt.com\/#breadcrumb\",\"itemListElement\":[{\"@type\":\"ListItem\",\"position\":1,\"name\":\"Home\",\"item\":\"https:\/\/mdphpwelt.com\/\"},{\"@type\":\"ListItem\",\"position\":2,\"name\":\"Home\"}]},{\"@type\":\"WebSite\",\"@id\":\"https:\/\/mdphpwelt.com\/#website\",\"url\":\"https:\/\/mdphpwelt.com\/\",\"name\":\"MDPHP Welt\",\"description\":\"Personal Portfolio Website\",\"potentialAction\":[{\"@type\":\"SearchAction\",\"target\":{\"@type\":\"EntryPoint\",\"urlTemplate\":\"https:\/\/mdphpwelt.com\/?s={search_term_string}\"},\"query-input\":{\"@type\":\"PropertyValueSpecification\",\"valueRequired\":true,\"valueName\":\"search_term_string\"}}],\"inLanguage\":\"en-GB\"}]}<\/script>\n<!-- \/ Yoast SEO Premium plugin. -->","yoast_head_json":{"title":"mdphp kaufen Online: PDPHP in Premium-Qualit\u00e4t bei Mdphpwelt","description":"monkey dust\/mdphp kaufen bei mdphpwelt. Premium-Qualit\u00e4t MDPHP bestellen,. Vertrauen Sie unserer Qualit\u00e4tssicherung f\u00fcr Ihren gesamten.","robots":{"index":"index","follow":"follow","max-snippet":"max-snippet:-1","max-image-preview":"max-image-preview:large","max-video-preview":"max-video-preview:-1"},"canonical":"https:\/\/mdphpwelt.com\/en\/","og_locale":"en_GB","og_type":"article","og_title":"Home","og_description":"monkey dust\/mdphp kaufen bei mdphpwelt. Premium-Qualit\u00e4t MDPHP bestellen,. Vertrauen Sie unserer Qualit\u00e4tssicherung f\u00fcr Ihren gesamten.","og_url":"https:\/\/mdphpwelt.com\/en\/","og_site_name":"MDPHP Welt","article_modified_time":"2025-01-11T07:24:50+00:00","og_image":[{"width":300,"height":245,"url":"https:\/\/mdphpwelt.com\/wp-content\/uploads\/2024\/05\/MDPHP-crystals-1.jpg","type":"image\/jpeg"}],"twitter_card":"summary_large_image","twitter_misc":{"Estimated reading time":"3 minutes"},"schema":{"@context":"https:\/\/schema.org","@graph":[{"@type":"WebPage","@id":"https:\/\/mdphpwelt.com\/","url":"https:\/\/mdphpwelt.com\/","name":"mdphp kaufen Online: PDPHP in Premium-Qualit\u00e4t bei Mdphpwelt","isPartOf":{"@id":"https:\/\/mdphpwelt.com\/#website"},"primaryImageOfPage":{"@id":"https:\/\/mdphpwelt.com\/#primaryimage"},"image":{"@id":"https:\/\/mdphpwelt.com\/#primaryimage"},"thumbnailUrl":"https:\/\/mdphpwelt.com\/wp-content\/uploads\/2024\/05\/MDPHP-crystals-1.jpg","datePublished":"2024-05-05T18:50:23+00:00","dateModified":"2025-01-11T07:24:50+00:00","description":"monkey dust\/mdphp kaufen bei mdphpwelt. Premium-Qualit\u00e4t MDPHP bestellen,. Vertrauen Sie unserer Qualit\u00e4tssicherung f\u00fcr Ihren gesamten.","breadcrumb":{"@id":"https:\/\/mdphpwelt.com\/#breadcrumb"},"inLanguage":"en-GB","potentialAction":[{"@type":"ReadAction","target":["https:\/\/mdphpwelt.com\/"]}]},{"@type":"ImageObject","inLanguage":"en-GB","@id":"https:\/\/mdphpwelt.com\/#primaryimage","url":"https:\/\/mdphpwelt.com\/wp-content\/uploads\/2024\/05\/MDPHP-crystals-1.jpg","contentUrl":"https:\/\/mdphpwelt.com\/wp-content\/uploads\/2024\/05\/MDPHP-crystals-1.jpg"},{"@type":"BreadcrumbList","@id":"https:\/\/mdphpwelt.com\/#breadcrumb","itemListElement":[{"@type":"ListItem","position":1,"name":"Home","item":"https:\/\/mdphpwelt.com\/"},{"@type":"ListItem","position":2,"name":"Home"}]},{"@type":"WebSite","@id":"https:\/\/mdphpwelt.com\/#website","url":"https:\/\/mdphpwelt.com\/","name":"MDPHP World","description":"Personal Portfolio Website","potentialAction":[{"@type":"SearchAction","target":{"@type":"EntryPoint","urlTemplate":"https:\/\/mdphpwelt.com\/?s={search_term_string}"},"query-input":{"@type":"PropertyValueSpecification","valueRequired":true,"valueName":"search_term_string"}}],"inLanguage":"en-GB"}]}},"_links":{"self":[{"href":"https:\/\/mdphpwelt.com\/en\/wp-json\/wp\/v2\/pages\/1355","targetHints":{"allow":["GET"]}}],"collection":[{"href":"https:\/\/mdphpwelt.com\/en\/wp-json\/wp\/v2\/pages"}],"about":[{"href":"https:\/\/mdphpwelt.com\/en\/wp-json\/wp\/v2\/types\/page"}],"author":[{"embeddable":true,"href":"https:\/\/mdphpwelt.com\/en\/wp-json\/wp\/v2\/users\/1"}],"replies":[{"embeddable":true,"href":"https:\/\/mdphpwelt.com\/en\/wp-json\/wp\/v2\/comments?post=1355"}],"version-history":[{"count":47,"href":"https:\/\/mdphpwelt.com\/en\/wp-json\/wp\/v2\/pages\/1355\/revisions"}],"predecessor-version":[{"id":3515,"href":"https:\/\/mdphpwelt.com\/en\/wp-json\/wp\/v2\/pages\/1355\/revisions\/3515"}],"wp:attachment":[{"href":"https:\/\/mdphpwelt.com\/en\/wp-json\/wp\/v2\/media?parent=1355"}],"curies":[{"name":"wp","href":"https:\/\/api.w.org\/{rel}","templated":true}]}}